{"id":4807,"date":"2025-11-04T10:01:00","date_gmt":"2025-11-04T13:01:00","guid":{"rendered":"https:\/\/www.etm.com.ar\/es\/?page_id=4807"},"modified":"2025-11-04T10:11:55","modified_gmt":"2025-11-04T13:11:55","slug":"torres-de-enfriamiento","status":"publish","type":"page","link":"https:\/\/www.etm.com.ar\/es\/torres-de-enfriamiento\/","title":{"rendered":"Torres de Enfriamiento"},"content":{"rendered":"<div class=\"fusion-fullwidth fullwidth-box fusion-builder-row-1 fusion-flex-container nonhundred-percent-fullwidth non-hundred-percent-height-scrolling\" style=\"--awb-border-radius-top-left:0px;--awb-border-radius-top-right:0px;--awb-border-radius-bottom-right:0px;--awb-border-radius-bottom-left:0px;--awb-flex-wrap:wrap;\" ><div class=\"fusion-builder-row fusion-row fusion-flex-align-items-flex-start fusion-flex-content-wrap\" style=\"max-width:1216.8px;margin-left: calc(-4% \/ 2 );margin-right: calc(-4% \/ 2 );\"><div class=\"fusion-layout-column fusion_builder_column fusion-builder-column-0 fusion_builder_column_1_1 1_1 fusion-flex-column\" style=\"--awb-bg-size:cover;--awb-width-large:100%;--awb-margin-top-large:0px;--awb-spacing-right-large:1.92%;--awb-margin-bottom-large:0px;--awb-spacing-left-large:1.92%;--awb-width-medium:100%;--awb-order-medium:0;--awb-spacing-right-medium:1.92%;--awb-spacing-left-medium:1.92%;--awb-width-small:100%;--awb-order-small:0;--awb-spacing-right-small:1.92%;--awb-spacing-left-small:1.92%;\"><div class=\"fusion-column-wrapper fusion-column-has-shadow fusion-flex-justify-content-flex-start fusion-content-layout-column\"><div class=\"fusion-title title fusion-title-1 fusion-sep-none fusion-title-text fusion-title-size-one\"><h1 class=\"fusion-title-heading title-heading-left fusion-responsive-typography-calculated\" style=\"margin:0;--fontSize:34;line-height:1.40;\"><h1 style=\"color: #222222 !important;\">Torres de Enfriamiento<\/h1><\/h1><\/div><div class=\"fusion-image-element \" style=\"text-align:center;--awb-margin-top:10px;--awb-margin-bottom:20px;--awb-caption-title-font-family:var(--h2_typography-font-family);--awb-caption-title-font-weight:var(--h2_typography-font-weight);--awb-caption-title-font-style:var(--h2_typography-font-style);--awb-caption-title-size:var(--h2_typography-font-size);--awb-caption-title-transform:var(--h2_typography-text-transform);--awb-caption-title-line-height:var(--h2_typography-line-height);--awb-caption-title-letter-spacing:var(--h2_typography-letter-spacing);\"><span class=\" fusion-imageframe imageframe-none imageframe-1 hover-type-none\"><img decoding=\"async\" width=\"110\" height=\"40\" alt=\"YWCT - Logotipo\" title=\"ywct &#8211; TORRES DE ENFRIAMIENTO\" src=\"data:image\/svg+xml,%3Csvg%20xmlns%3D%27http%3A%2F%2Fwww.w3.org%2F2000%2Fsvg%27%20width%3D%27110%27%20height%3D%2740%27%20viewBox%3D%270%200%20110%2040%27%3E%3Crect%20width%3D%27110%27%20height%3D%2740%27%20fill-opacity%3D%220%22%2F%3E%3C%2Fsvg%3E\" data-orig-src=\"https:\/\/www.etm.com.ar\/es\/wp-content\/uploads\/logo.png\" class=\"lazyload img-responsive wp-image-4808\"\/><\/span><\/div><div class=\"fusion-text fusion-text-1\" style=\"--awb-text-transform:none;\"><p style=\"text-align: left;\"><strong>ETM ampl\u00eda su portfolio con la representaci\u00f3n de YWCT en Sudam\u00e9rica<\/strong><\/p>\n<p style=\"text-align: left;\">Con m\u00e1s de 30 a\u00f1os de experiencia asesorando a industrias en Am\u00e9rica Latina, ETM ha firmado un acuerdo de representaci\u00f3n con <strong>YWCT \u2013 Yechieli Water Cooling Towers Ltd.<\/strong>, empresa con m\u00e1s de 50 a\u00f1os dedicada al <strong>dise\u00f1o y fabricaci\u00f3n de torres de enfriamiento a medida para aplicaciones industriales.<\/strong><\/p>\n<p style=\"text-align: left;\">Con sede en Israel, <strong>YWCT<\/strong> se distingue por su enfoque integral, que combina un s\u00f3lido conocimiento en ingenier\u00eda aplicada con d\u00e9cadas de experiencia directa en proyectos complejos. Esta sinergia nos permite desarrollar soluciones de alta eficiencia, adaptadas a las necesidades espec\u00edficas de sectores como energ\u00eda, miner\u00eda, procesos qu\u00edmicos e instalaciones HVAC.<\/p>\n<p style=\"text-align: left;\">A trav\u00e9s de esta colaboraci\u00f3n, ETM incorpora a su oferta tecnol\u00f3gica las soluciones de YWCT, brindando soporte t\u00e9cnico local y acompa\u00f1amiento personalizado desde la etapa de dise\u00f1o hasta la operaci\u00f3n en planta.<\/p>\n<p style=\"text-align: left;\"><strong>En industrias donde la eficiencia t\u00e9rmica es un factor estrat\u00e9gico, aportamos soluciones que funcionan.<\/strong><\/p>\n<p style=\"text-align: left;\"><strong>ETM y YWCT: ingenier\u00eda que responde a las exigencias reales del sector.<\/strong><\/p>\n<\/div><div class=\"fusion-image-element \" style=\"text-align:center;--awb-margin-top:10px;--awb-margin-bottom:20px;--awb-caption-title-font-family:var(--h2_typography-font-family);--awb-caption-title-font-weight:var(--h2_typography-font-weight);--awb-caption-title-font-style:var(--h2_typography-font-style);--awb-caption-title-size:var(--h2_typography-font-size);--awb-caption-title-transform:var(--h2_typography-text-transform);--awb-caption-title-line-height:var(--h2_typography-line-height);--awb-caption-title-letter-spacing:var(--h2_typography-letter-spacing);\"><span class=\" fusion-imageframe imageframe-none imageframe-2 hover-type-none\"><img decoding=\"async\" width=\"600\" height=\"450\" alt=\"Filed Erected Cooling Towers\" title=\"Field erected cooling tower\" src=\"https:\/\/www.etm.com.ar\/es\/wp-content\/uploads\/Field-erected-cooling-tower.jpg\" data-orig-src=\"https:\/\/www.etm.com.ar\/es\/wp-content\/uploads\/Field-erected-cooling-tower-600x450.jpg\" class=\"lazyload img-responsive wp-image-4814\" srcset=\"data:image\/svg+xml,%3Csvg%20xmlns%3D%27http%3A%2F%2Fwww.w3.org%2F2000%2Fsvg%27%20width%3D%271280%27%20height%3D%27960%27%20viewBox%3D%270%200%201280%20960%27%3E%3Crect%20width%3D%271280%27%20height%3D%27960%27%20fill-opacity%3D%220%22%2F%3E%3C%2Fsvg%3E\" data-srcset=\"https:\/\/www.etm.com.ar\/es\/wp-content\/uploads\/Field-erected-cooling-tower-200x150.jpg 200w, https:\/\/www.etm.com.ar\/es\/wp-content\/uploads\/Field-erected-cooling-tower-400x300.jpg 400w, https:\/\/www.etm.com.ar\/es\/wp-content\/uploads\/Field-erected-cooling-tower-600x450.jpg 600w, https:\/\/www.etm.com.ar\/es\/wp-content\/uploads\/Field-erected-cooling-tower-800x600.jpg 800w, https:\/\/www.etm.com.ar\/es\/wp-content\/uploads\/Field-erected-cooling-tower-1200x900.jpg 1200w, https:\/\/www.etm.com.ar\/es\/wp-content\/uploads\/Field-erected-cooling-tower.jpg 1280w\" data-sizes=\"auto\" data-orig-sizes=\"(max-width: 800px) 100vw, (max-width: 640px) 100vw, 1200px\" \/><\/span><\/div><div class=\"fusion-text fusion-text-2\" style=\"--awb-text-transform:none;\"><h2 style=\"text-align: left;\">Soluciones<\/h2>\n<p style=\"text-align: left;\" data-start=\"0\" data-end=\"306\">YWCT ofrece una gama completa de soluciones en sistemas de enfriamiento industrial, adaptadas a distintos tama\u00f1os de planta, requerimientos t\u00e9cnicos y condiciones de operaci\u00f3n. Su cat\u00e1logo cubre desde instalaciones de gran escala hasta soluciones compactas y modulares, abarcando las siguientes tipolog\u00edas:<\/p>\n<p style=\"text-align: left;\" data-start=\"308\" data-end=\"626\"><strong data-start=\"308\" data-end=\"386\">1. Torres de enfriamiento montadas en sitio (Field-erected cooling towers)<\/strong><br data-start=\"386\" data-end=\"389\" \/>Dise\u00f1adas para grandes instalaciones industriales, estas torres se construyen directamente en obra y est\u00e1n fabricadas con FRP pultruido o concreto, materiales que garantizan durabilidad frente a ambientes agresivos y alto caudal de agua.<\/p>\n<p style=\"text-align: left;\" data-start=\"628\" data-end=\"910\"><strong data-start=\"628\" data-end=\"676\">2. Torres modulares (Modular Cooling Towers)<\/strong><br data-start=\"676\" data-end=\"679\" \/>Sistemas de tama\u00f1o medio con estanque integrado, dise\u00f1ados para facilitar un montaje \u00e1gil y eficiente. Representan una soluci\u00f3n ideal para proyectos que requieren tiempos de instalaci\u00f3n reducidos sin sacrificar capacidad operativa.<\/p>\n<p style=\"text-align: left;\" data-start=\"912\" data-end=\"1138\"><strong data-start=\"912\" data-end=\"940\">3. Proyectos de Retrofit<\/strong><br data-start=\"940\" data-end=\"943\" \/>YWCT tambi\u00e9n aborda la modernizaci\u00f3n de instalaciones existentes mediante la construcci\u00f3n de nuevas torres sobre estanques ya operativos, optimizando espacio, recursos y continuidad de operaci\u00f3n.<\/p>\n<p style=\"text-align: left;\" data-start=\"1140\" data-end=\"1433\"><strong data-start=\"1140\" data-end=\"1203\">4. Torres compactas prefabricadas (Packaged Cooling Towers)<\/strong><br data-start=\"1203\" data-end=\"1206\" \/>Torres de enfriamiento de menor escala, completamente fabricadas en planta y listas para su instalaci\u00f3n. Son ideales para instalaciones donde se requiere un sistema confiable en un formato compacto y de r\u00e1pida puesta en marcha.<\/p>\n<p style=\"text-align: left;\" data-start=\"1435\" data-end=\"1764\"><strong data-start=\"1435\" data-end=\"1482\">5. Sistemas Plug &amp; Play (PlugNPlay Systems)<\/strong><br data-start=\"1482\" data-end=\"1485\" \/>Soluciones integradas que incluyen todos los componentes necesarios montados sobre una \u00fanica estructura tipo skid. Est\u00e1n pensadas para facilitar el transporte, instalaci\u00f3n y operaci\u00f3n, especialmente en entornos donde la simplicidad operativa y la reducci\u00f3n de tiempos son claves.<\/p>\n<\/div><div class=\"fusion-image-element \" style=\"text-align:center;--awb-margin-top:10px;--awb-margin-bottom:20px;--awb-caption-title-font-family:var(--h2_typography-font-family);--awb-caption-title-font-weight:var(--h2_typography-font-weight);--awb-caption-title-font-style:var(--h2_typography-font-style);--awb-caption-title-size:var(--h2_typography-font-size);--awb-caption-title-transform:var(--h2_typography-text-transform);--awb-caption-title-line-height:var(--h2_typography-line-height);--awb-caption-title-letter-spacing:var(--h2_typography-letter-spacing);\"><span class=\" fusion-imageframe imageframe-none imageframe-3 hover-type-none\"><img decoding=\"async\" width=\"600\" height=\"417\" alt=\"Torres de Enfriamiento - YWCT\" title=\"Torres de Enfriamiento &#8211; YWCT\" src=\"https:\/\/www.etm.com.ar\/es\/wp-content\/uploads\/Torres-de-Enfriamiento-YWCT.jpg\" data-orig-src=\"https:\/\/www.etm.com.ar\/es\/wp-content\/uploads\/Torres-de-Enfriamiento-YWCT-600x417.jpg\" class=\"lazyload img-responsive wp-image-4816\" srcset=\"data:image\/svg+xml,%3Csvg%20xmlns%3D%27http%3A%2F%2Fwww.w3.org%2F2000%2Fsvg%27%20width%3D%27963%27%20height%3D%27669%27%20viewBox%3D%270%200%20963%20669%27%3E%3Crect%20width%3D%27963%27%20height%3D%27669%27%20fill-opacity%3D%220%22%2F%3E%3C%2Fsvg%3E\" data-srcset=\"https:\/\/www.etm.com.ar\/es\/wp-content\/uploads\/Torres-de-Enfriamiento-YWCT-200x139.jpg 200w, https:\/\/www.etm.com.ar\/es\/wp-content\/uploads\/Torres-de-Enfriamiento-YWCT-400x278.jpg 400w, https:\/\/www.etm.com.ar\/es\/wp-content\/uploads\/Torres-de-Enfriamiento-YWCT-600x417.jpg 600w, https:\/\/www.etm.com.ar\/es\/wp-content\/uploads\/Torres-de-Enfriamiento-YWCT-800x556.jpg 800w, https:\/\/www.etm.com.ar\/es\/wp-content\/uploads\/Torres-de-Enfriamiento-YWCT.jpg 963w\" data-sizes=\"auto\" data-orig-sizes=\"(max-width: 800px) 100vw, (max-width: 640px) 100vw, 600px\" \/><\/span><\/div><div class=\"fusion-text fusion-text-3\" style=\"--awb-text-transform:none;\"><h2 style=\"text-align: left;\">Industrias<\/h2>\n<p style=\"text-align: left;\" data-start=\"0\" data-end=\"322\">YWCT desarrolla soluciones de enfriamiento adaptadas a las necesidades espec\u00edficas de distintas industrias, combinando dise\u00f1o a medida con materiales de alta resistencia y eficiencia operativa. Su experiencia abarca sectores donde la gesti\u00f3n t\u00e9rmica es cr\u00edtica para la continuidad del proceso y la optimizaci\u00f3n energ\u00e9tica:<\/p>\n<p style=\"text-align: left;\" data-start=\"324\" data-end=\"577\"><strong data-start=\"324\" data-end=\"360\">1.- Industria qu\u00edmica y petroqu\u00edmica<\/strong><br data-start=\"360\" data-end=\"363\" \/>YWCT dise\u00f1a torres capaces de operar en ambientes altamente corrosivos, utilizando materiales como FRP y soluciones espec\u00edficas para nieblas \u00e1cidas, cargas t\u00e9rmicas elevadas y requerimientos de seguridad estrictos.<\/p>\n<p style=\"text-align: left;\" data-start=\"579\" data-end=\"862\"><strong data-start=\"579\" data-end=\"625\">2.- Centrales t\u00e9rmicas y generaci\u00f3n de energ\u00eda<\/strong><br data-start=\"625\" data-end=\"628\" \/>En proyectos de ciclo combinado, biomasa o cogeneraci\u00f3n, sus sistemas permiten mantener el rendimiento t\u00e9rmico de la planta bajo control, incluso en condiciones clim\u00e1ticas exigentes, garantizando eficiencia y disponibilidad operativa.<\/p>\n<p style=\"text-align: left;\" data-start=\"864\" data-end=\"1146\"><strong data-start=\"864\" data-end=\"899\">3.- Miner\u00eda y procesos metal\u00fargicos<\/strong><br data-start=\"899\" data-end=\"902\" \/>Proporcionan sistemas robustos y adaptables a la variabilidad de caudales, temperaturas y sedimentos propios de procesos como flotaci\u00f3n, molienda o refinado. Las torres YWCT est\u00e1n dise\u00f1adas para operar en ambientes extremos y de dif\u00edcil acceso.<\/p>\n<p style=\"text-align: left;\" data-start=\"1148\" data-end=\"1399\"><strong data-start=\"1148\" data-end=\"1182\">4.- Industria del papel y celulosa<\/strong><br data-start=\"1182\" data-end=\"1185\" \/>Los procesos de producci\u00f3n de pulpa requieren sistemas de enfriamiento de alta capacidad y durabilidad. YWCT ofrece soluciones con bajo mantenimiento y resistencia qu\u00edmica para asegurar la continuidad de operaci\u00f3n.<\/p>\n<p style=\"text-align: left;\" data-start=\"1401\" data-end=\"1637\"><strong data-start=\"1401\" data-end=\"1450\">5.- HVAC e instalaciones comerciales\/industriales<\/strong><br data-start=\"1450\" data-end=\"1453\" \/>Para edificios, hospitales, aeropuertos o centros de datos, YWCT desarrolla torres compactas y eficientes, pensadas para integraci\u00f3n en espacios reducidos y con bajos niveles de ruido.<\/p>\n<p style=\"text-align: left;\" data-start=\"1639\" data-end=\"1894\"><strong data-start=\"1639\" data-end=\"1690\">6.- Tratamiento de agua y plantas de desalinizaci\u00f3n<\/strong><br data-start=\"1690\" data-end=\"1693\" \/>Las torres dise\u00f1adas para este sector permiten el control t\u00e9rmico de procesos donde se manejan altos contenidos salinos o qu\u00edmicos, garantizando estabilidad t\u00e9rmica con alta resistencia a la corrosi\u00f3n.<\/p>\n<\/div><div class=\"fusion-separator fusion-full-width-sep\" style=\"align-self: center;margin-left: auto;margin-right: auto;margin-top:0px;margin-bottom:100px;width:100%;\"><div class=\"fusion-separator-border sep-single\" style=\"--awb-height:20px;--awb-amount:20px;border-color:#eae8e8;border-top-width:0px;\"><\/div><\/div><div style=\"text-align:center;\"><a class=\"fusion-button button-flat fusion-button-default-size button-default fusion-button-default button-1 fusion-button-default-span fusion-button-default-type\" style=\"--button-border-radius-top-left:0;--button-border-radius-top-right:0;--button-border-radius-bottom-right:0;--button-border-radius-bottom-left:0;\" target=\"_self\" href=\"https:\/\/ywct.com\/products\/\"><div class=\"awb-button__hover-content awb-button__hover-content--default awb-button__hover-content--centered\"><span class=\"fusion-button-text awb-button__text awb-button__text--default\">Visitar Sitio de YWCT (en ingl\u00e9s)<\/span><span class=\"fusion-button-text awb-button__text awb-button__text--hover\">Visitar Sitio YWCT (en ingl\u00e9s)<\/span><\/div><\/a><\/div><\/div><\/div><\/div><\/div>\n","protected":false},"excerpt":{"rendered":"","protected":false},"author":5,"featured_media":0,"parent":0,"menu_order":0,"comment_status":"closed","ping_status":"closed","template":"","meta":{"_acf_changed":false,"footnotes":""},"class_list":["post-4807","page","type-page","status-publish","hentry"],"acf":[],"_links":{"self":[{"href":"https:\/\/www.etm.com.ar\/es\/wp-json\/wp\/v2\/pages\/4807","targetHints":{"allow":["GET"]}}],"collection":[{"href":"https:\/\/www.etm.com.ar\/es\/wp-json\/wp\/v2\/pages"}],"about":[{"href":"https:\/\/www.etm.com.ar\/es\/wp-json\/wp\/v2\/types\/page"}],"author":[{"embeddable":true,"href":"https:\/\/www.etm.com.ar\/es\/wp-json\/wp\/v2\/users\/5"}],"replies":[{"embeddable":true,"href":"https:\/\/www.etm.com.ar\/es\/wp-json\/wp\/v2\/comments?post=4807"}],"version-history":[{"count":4,"href":"https:\/\/www.etm.com.ar\/es\/wp-json\/wp\/v2\/pages\/4807\/revisions"}],"predecessor-version":[{"id":4817,"href":"https:\/\/www.etm.com.ar\/es\/wp-json\/wp\/v2\/pages\/4807\/revisions\/4817"}],"wp:attachment":[{"href":"https:\/\/www.etm.com.ar\/es\/wp-json\/wp\/v2\/media?parent=4807"}],"curies":[{"name":"wp","href":"https:\/\/api.w.org\/{rel}","templated":true}]}}