{"id":2743,"date":"2021-03-08T16:38:53","date_gmt":"2021-03-08T19:38:53","guid":{"rendered":"http:\/\/www.etm.com.ar\/es\/?page_id=2743"},"modified":"2021-11-09T10:27:05","modified_gmt":"2021-11-09T13:27:05","slug":"climatizacion-industrial","status":"publish","type":"page","link":"https:\/\/www.etm.com.ar\/es\/climatizacion-industrial\/","title":{"rendered":"CLIMATIZACION INDUSTRIAL"},"content":{"rendered":"<div class=\"fusion-fullwidth fullwidth-box fusion-builder-row-1 fusion-flex-container nonhundred-percent-fullwidth non-hundred-percent-height-scrolling\" style=\"--awb-border-radius-top-left:0px;--awb-border-radius-top-right:0px;--awb-border-radius-bottom-right:0px;--awb-border-radius-bottom-left:0px;--awb-flex-wrap:wrap;\" ><div class=\"fusion-builder-row fusion-row fusion-flex-align-items-flex-start fusion-flex-content-wrap\" style=\"max-width:1216.8px;margin-left: calc(-4% \/ 2 );margin-right: calc(-4% \/ 2 );\"><div class=\"fusion-layout-column fusion_builder_column fusion-builder-column-0 fusion_builder_column_1_1 1_1 fusion-flex-column\" style=\"--awb-bg-size:cover;--awb-width-large:100%;--awb-margin-top-large:0px;--awb-spacing-right-large:1.92%;--awb-margin-bottom-large:0px;--awb-spacing-left-large:1.92%;--awb-width-medium:100%;--awb-order-medium:0;--awb-spacing-right-medium:1.92%;--awb-spacing-left-medium:1.92%;--awb-width-small:100%;--awb-order-small:0;--awb-spacing-right-small:1.92%;--awb-spacing-left-small:1.92%;\"><div class=\"fusion-column-wrapper fusion-column-has-shadow fusion-flex-justify-content-flex-start fusion-content-layout-column\"><div class=\"fusion-title title fusion-title-1 fusion-sep-none fusion-title-text fusion-title-size-one\"><h1 class=\"fusion-title-heading title-heading-left fusion-responsive-typography-calculated\" style=\"margin:0;--fontSize:34;line-height:1.40;\"><h1 style=\"color: #222222 !important;\">Climatizaci\u00f3n Industrial<\/h1><\/h1><\/div><div class=\"fusion-text fusion-text-1\" style=\"--awb-text-transform:none;\"><p style=\"text-align: center; font-size: 18px;\">Las t\u00e9cnicas de ventilaci\u00f3n industrial tienen como objetivo controlar la temperatura interior y mejorar la calidad del aire en espacios industriales hasta alcanzar los valores deseados para asegurar un entorno de trabajo saludable, con todos los beneficios que eso reporta para las personas, pero tambi\u00e9n para el negocio: Los estudios muestran que cada grado por encima de 20\u00b0C resulta en una p\u00e9rdida media de productividad del 4%.<\/p>\n<p style=\"text-align: center; font-size: 18px;\">Con el prop\u00f3sito de dise\u00f1ar sistemas energ\u00e9ticamente eficientes a la medida de cada proyecto, partimos de un estudio exhaustivo de las condiciones clim\u00e1ticas interiores y exteriores con el objetivo de planificar una opci\u00f3n adecuada para la actividad que se realiza en cada espacio o sector.<\/p>\n<p style=\"text-align: center; font-size: 18px;\">Nuestra experiencia nos permitir\u00e1 proponer soluciones basadas en equipos de ventilaci\u00f3n natural o forzada, o de una combinaci\u00f3n de ambas tecnolog\u00edas, de acuerdo a las necesidades de cada proyecto y cliente.<\/p>\n<p style=\"text-align: center; font-size:18px;\"><strong>Planificamos, fabricamos e instalamos sistemas de ventilaci\u00f3n para proyectos arquitect\u00f3nicos y edificios existentes utilizados para todo tipos de industrias:<\/strong><\/p>\n<ul class=\"check\" style=\"font-size: 18px;\">\n<li><span style=\"font-weight: 400;\">Centros log\u00edsticos<\/span><\/li>\n<li><span style=\"font-weight: 400;\">Metal\u00fargica<\/span><\/li>\n<li><span style=\"font-weight: 400;\">Alimentaci\u00f3n<\/span><\/li>\n<li><span style=\"font-weight: 400;\">Industria pl\u00e1stica<\/span><\/li>\n<li><span style=\"font-weight: 400;\">Automoci\u00f3n<\/span><\/li>\n<li><span style=\"font-weight: 400;\">Industria textil<\/span><\/li>\n<li><span style=\"font-weight: 400;\">Industria gr\u00e1fica y del papel<\/span><\/li>\n<\/ul>\n<\/div><div class=\"fusion-separator fusion-full-width-sep\" style=\"align-self: center;margin-left: auto;margin-right: auto;margin-top:0px;margin-bottom:100px;width:100%;\"><div class=\"fusion-separator-border sep-single\" style=\"--awb-height:20px;--awb-amount:20px;border-color:#eae8e8;border-top-width:0px;\"><\/div><\/div><\/div><\/div><\/div><\/div>\n","protected":false},"excerpt":{"rendered":"","protected":false},"author":5,"featured_media":2744,"parent":0,"menu_order":0,"comment_status":"closed","ping_status":"closed","template":"100-width.php","meta":{"_acf_changed":false,"footnotes":""},"class_list":["post-2743","page","type-page","status-publish","has-post-thumbnail","hentry"],"acf":[],"_links":{"self":[{"href":"https:\/\/www.etm.com.ar\/es\/wp-json\/wp\/v2\/pages\/2743","targetHints":{"allow":["GET"]}}],"collection":[{"href":"https:\/\/www.etm.com.ar\/es\/wp-json\/wp\/v2\/pages"}],"about":[{"href":"https:\/\/www.etm.com.ar\/es\/wp-json\/wp\/v2\/types\/page"}],"author":[{"embeddable":true,"href":"https:\/\/www.etm.com.ar\/es\/wp-json\/wp\/v2\/users\/5"}],"replies":[{"embeddable":true,"href":"https:\/\/www.etm.com.ar\/es\/wp-json\/wp\/v2\/comments?post=2743"}],"version-history":[{"count":2,"href":"https:\/\/www.etm.com.ar\/es\/wp-json\/wp\/v2\/pages\/2743\/revisions"}],"predecessor-version":[{"id":2773,"href":"https:\/\/www.etm.com.ar\/es\/wp-json\/wp\/v2\/pages\/2743\/revisions\/2773"}],"wp:featuredmedia":[{"embeddable":true,"href":"https:\/\/www.etm.com.ar\/es\/wp-json\/wp\/v2\/media\/2744"}],"wp:attachment":[{"href":"https:\/\/www.etm.com.ar\/es\/wp-json\/wp\/v2\/media?parent=2743"}],"curies":[{"name":"wp","href":"https:\/\/api.w.org\/{rel}","templated":true}]}}