{"id":2735,"date":"2021-03-08T16:21:47","date_gmt":"2021-03-08T19:21:47","guid":{"rendered":"http:\/\/www.etm.com.ar\/es\/?page_id=2735"},"modified":"2021-11-09T10:18:53","modified_gmt":"2021-11-09T13:18:53","slug":"control-de-humos","status":"publish","type":"page","link":"https:\/\/www.etm.com.ar\/es\/control-de-humos\/","title":{"rendered":"CONTROL DE HUMOS"},"content":{"rendered":"<div class=\"fusion-fullwidth fullwidth-box fusion-builder-row-1 fusion-flex-container nonhundred-percent-fullwidth non-hundred-percent-height-scrolling\" style=\"--awb-border-radius-top-left:0px;--awb-border-radius-top-right:0px;--awb-border-radius-bottom-right:0px;--awb-border-radius-bottom-left:0px;--awb-flex-wrap:wrap;\" ><div class=\"fusion-builder-row fusion-row fusion-flex-align-items-flex-start fusion-flex-content-wrap\" style=\"max-width:1216.8px;margin-left: calc(-4% \/ 2 );margin-right: calc(-4% \/ 2 );\"><div class=\"fusion-layout-column fusion_builder_column fusion-builder-column-0 fusion_builder_column_1_1 1_1 fusion-flex-column\" style=\"--awb-bg-size:cover;--awb-width-large:100%;--awb-margin-top-large:0px;--awb-spacing-right-large:1.92%;--awb-margin-bottom-large:0px;--awb-spacing-left-large:1.92%;--awb-width-medium:100%;--awb-order-medium:0;--awb-spacing-right-medium:1.92%;--awb-spacing-left-medium:1.92%;--awb-width-small:100%;--awb-order-small:0;--awb-spacing-right-small:1.92%;--awb-spacing-left-small:1.92%;\"><div class=\"fusion-column-wrapper fusion-column-has-shadow fusion-flex-justify-content-flex-start fusion-content-layout-column\"><div class=\"fusion-title title fusion-title-1 fusion-sep-none fusion-title-text fusion-title-size-one\"><h1 class=\"fusion-title-heading title-heading-left fusion-responsive-typography-calculated\" style=\"margin:0;--fontSize:34;line-height:1.40;\"><h1 style=\"color: #000 !important;\">CONTROL DE HUMOS<\/h1><\/h1><\/div><div class=\"fusion-text fusion-text-1\" style=\"--awb-text-transform:none;\"><p style=\"text-align: center; font-size: 18px;\">El control del humo es tan importante como el control del fuego, ya que la inhalaci\u00f3n del humo caliente y los vapores t\u00f3xicos que se producen durante la combusti\u00f3n de los diferentes materiales en el interior del edificio, lesionan severamente los pulmones.<\/p>\n<p style=\"text-align: center; font-size: 18px;\">Los sistemas de control de humo colaboran con los bomberos y las brigadas de rescate realizando una correcta contenci\u00f3n y evacuaci\u00f3n de gases calientes para:<\/p>\n<ul class=\"check\" style=\"font-size: 18px;\">\n<li>Permitir a los ocupantes visualizar las v\u00edas de escape<\/li>\n<li>Mantener las salidas de emergencia libres de humo para que las personas puedan dirigirse hacia ellas.<\/li>\n<li>Facilitar la tarea de extinci\u00f3n de un incendio permitiendo a los bomberos visualizar la base del fuego.<\/li>\n<li>Demorar o prevenir el efecto \u201cflashover\u201d y sus consecuencias en el desarrollo del incendio.<\/li>\n<li>Proteger los bienes que se encuentran dentro del edificio.<\/li>\n<li>Reducir los efectos destructivos por las altas temperaturas en las estructuras durante un incendio.<\/li>\n<li>Minimizar el da\u00f1o producido por las altas temperaturas o los gases calientes en el interior del edificio.<\/li>\n<\/ul>\n<p style=\"text-align: center; font-size:18px;\">En el dise\u00f1o de un edificio, la incorporaci\u00f3n de los sistemas de control de humo puede prolongar y mejorar significativamente la seguridad y la vida \u00fatil del mismo.<\/p>\n<p style=\"text-align: center; font-size:18px;\">En este segmento Colt ofrece:<\/p>\n<\/div><div class=\"fusion-title title fusion-title-2 fusion-sep-none fusion-title-text fusion-title-size-one\"><h1 class=\"fusion-title-heading title-heading-left fusion-responsive-typography-calculated\" style=\"margin:0;--fontSize:34;line-height:1.40;\"><h4>Sistemas de contenci\u00f3n<\/h4><\/h1><\/div><div class=\"fusion-text fusion-text-2\" style=\"--awb-text-transform:none;\"><p style=\"text-align: center; font-size:18px;\">Los sistemas de contenci\u00f3n de humo previenen el movimiento de gases calientes de una zona a otra, esto se logra mediante cortinas de humo y sistemas de presi\u00f3n diferencial, usualmente llamados sistemas de presurizaci\u00f3n.<\/p>\n<\/div><div class=\"fusion-title title fusion-title-3 fusion-sep-none fusion-title-text fusion-title-size-one\"><h1 class=\"fusion-title-heading title-heading-left fusion-responsive-typography-calculated\" style=\"margin:0;--fontSize:34;line-height:1.40;\"><h4>Exutorios de ventilaci\u00f3n natural y ventiladores de extracci\u00f3n forzada<\/h4><\/h1><\/div><div class=\"fusion-text fusion-text-3\" style=\"--awb-text-transform:none;\"><p style=\"text-align: center; font-size: 18px;\">Conocidos gen\u00e9ricamente como \u201cSHEV\u00b4s\u201d (smoke and heat exhaust ventilators) su objetivo es generar una adecuada extracci\u00f3n de humo de los edificios minimizando el contacto entre los gases t\u00f3xicos y los ocupantes y aumentando la visibilidad durante la evacuaci\u00f3n.<\/p>\n<\/div><\/div><\/div><\/div><\/div>\n","protected":false},"excerpt":{"rendered":"","protected":false},"author":5,"featured_media":0,"parent":0,"menu_order":0,"comment_status":"closed","ping_status":"closed","template":"100-width.php","meta":{"_acf_changed":false,"footnotes":""},"class_list":["post-2735","page","type-page","status-publish","hentry"],"acf":[],"_links":{"self":[{"href":"https:\/\/www.etm.com.ar\/es\/wp-json\/wp\/v2\/pages\/2735","targetHints":{"allow":["GET"]}}],"collection":[{"href":"https:\/\/www.etm.com.ar\/es\/wp-json\/wp\/v2\/pages"}],"about":[{"href":"https:\/\/www.etm.com.ar\/es\/wp-json\/wp\/v2\/types\/page"}],"author":[{"embeddable":true,"href":"https:\/\/www.etm.com.ar\/es\/wp-json\/wp\/v2\/users\/5"}],"replies":[{"embeddable":true,"href":"https:\/\/www.etm.com.ar\/es\/wp-json\/wp\/v2\/comments?post=2735"}],"version-history":[{"count":5,"href":"https:\/\/www.etm.com.ar\/es\/wp-json\/wp\/v2\/pages\/2735\/revisions"}],"predecessor-version":[{"id":3068,"href":"https:\/\/www.etm.com.ar\/es\/wp-json\/wp\/v2\/pages\/2735\/revisions\/3068"}],"wp:attachment":[{"href":"https:\/\/www.etm.com.ar\/es\/wp-json\/wp\/v2\/media?parent=2735"}],"curies":[{"name":"wp","href":"https:\/\/api.w.org\/{rel}","templated":true}]}}