{"id":2649,"date":"2021-03-08T17:05:26","date_gmt":"2021-03-08T20:05:26","guid":{"rendered":"http:\/\/www.etm.com.ar\/es\/?page_id=2649"},"modified":"2021-11-09T11:42:27","modified_gmt":"2021-11-09T14:42:27","slug":"soluciones","status":"publish","type":"page","link":"https:\/\/www.etm.com.ar\/es\/soluciones\/","title":{"rendered":"SOLUCIONES"},"content":{"rendered":"<div class=\"fusion-fullwidth fullwidth-box fusion-builder-row-1 fusion-flex-container nonhundred-percent-fullwidth non-hundred-percent-height-scrolling\" style=\"--awb-border-radius-top-left:0px;--awb-border-radius-top-right:0px;--awb-border-radius-bottom-right:0px;--awb-border-radius-bottom-left:0px;--awb-flex-wrap:wrap;\" ><div class=\"fusion-builder-row fusion-row fusion-flex-align-items-flex-start fusion-flex-content-wrap\" style=\"max-width:1216.8px;margin-left: calc(-4% \/ 2 );margin-right: calc(-4% \/ 2 );\"><div class=\"fusion-layout-column fusion_builder_column fusion-builder-column-0 fusion_builder_column_1_1 1_1 fusion-flex-column\" style=\"--awb-bg-size:cover;--awb-width-large:100%;--awb-margin-top-large:0px;--awb-spacing-right-large:1.92%;--awb-margin-bottom-large:0px;--awb-spacing-left-large:1.92%;--awb-width-medium:100%;--awb-order-medium:0;--awb-spacing-right-medium:1.92%;--awb-spacing-left-medium:1.92%;--awb-width-small:100%;--awb-order-small:0;--awb-spacing-right-small:1.92%;--awb-spacing-left-small:1.92%;\"><div class=\"fusion-column-wrapper fusion-column-has-shadow fusion-flex-justify-content-flex-start fusion-content-layout-column\"><div class=\"fusion-title title fusion-title-1 fusion-sep-none fusion-title-text fusion-title-size-one\"><h1 class=\"fusion-title-heading title-heading-left fusion-responsive-typography-calculated\" style=\"margin:0;--fontSize:34;line-height:1.40;\"><h1 style=\"color: #222222 !important;\">Soluciones ETM-COLT<\/h1><\/h1><\/div><div class=\"fusion-text fusion-text-1\" style=\"--awb-text-transform:none;\"><p style=\"font-size: 18px; text-align: center;\"><span style=\"font-weight: 400;\">ETM ofrece soluciones Colt integrales en las \u00e1reas de <strong>protecci\u00f3n preventiva contra incendios, ventilaci\u00f3n industrial, servicio posventa y mantenimiento, utilizando productos Colt desarrollados bajo los m\u00e1s rigurosos est\u00e1ndares internacionales<\/strong><\/span><strong>.<\/strong><\/p>\n<p style=\"text-align: center; font-size: 18px;\">Trabajamos junto a arquitectos, ingenieros especialistas, propietarios de edificios y usuarios finales desde la planificaci\u00f3n y el dise\u00f1o del proyecto, encontrando soluciones integrales que respeten las decisiones arquitect\u00f3nicas matrices de cada caso. Adem\u00e1s, acompa\u00f1amos todo el ciclo de vida del desarrollo mediante la fabricaci\u00f3n, instalaci\u00f3n y mantenimiento de los equipos.<\/p>\n<p style=\"text-align: center; font-size: 18px;\">Ofrecemos respuestas innovadoras a los problemas de nuestros clientes gracias a la experiencia, la investigaci\u00f3n y el desarrollo permanentes, lo que nos hace el socio de referencia para generar soluciones para evacuaci\u00f3n de humo, ventilaci\u00f3n diaria y luz natural y climatizaci\u00f3n industrial.<\/p>\n<\/div><div class=\"fusion-separator fusion-full-width-sep\" style=\"align-self: center;margin-left: auto;margin-right: auto;margin-top:0px;margin-bottom:100px;width:100%;\"><div class=\"fusion-separator-border sep-single\" style=\"--awb-height:20px;--awb-amount:20px;border-color:#eae8e8;border-top-width:0px;\"><\/div><\/div><div class=\"fusion-content-boxes content-boxes columns row fusion-columns-3 fusion-columns-total-3 fusion-content-boxes-1 content-boxes-icon-on-top content-left\" style=\"--awb-hover-accent-color:#0092c7;--awb-circle-hover-accent-color:#0092c7;\" data-animationOffset=\"top-into-view\"><div style=\"--awb-backgroundcolor:rgba(255,255,255,0);\" class=\"fusion-column content-box-column content-box-column content-box-column-1 col-lg-4 col-md-4 col-sm-4 fusion-content-box-hover content-box-column-first-in-row\"><div class=\"col content-box-wrapper content-wrapper link-area-box link-type-text icon-hover-animation-pulsate fusion-animated\" data-link=\"http:\/\/www.etm.com.ar\/es\/control-de-humos\/\" data-link-target=\"_self\" data-animationType=\"fadeInDown\" data-animationDuration=\"0.3\" data-animationOffset=\"top-into-view\"><div class=\"heading heading-with-icon icon-left\"><a class=\"heading-link\" href=\"http:\/\/www.etm.com.ar\/es\/control-de-humos\/\" target=\"_self\"><div aria-hidden=\"true\" class=\"image\"><img decoding=\"async\" class=\"lazyload\" src=\"data:image\/svg+xml,%3Csvg%20xmlns%3D%27http%3A%2F%2Fwww.w3.org%2F2000%2Fsvg%27%20width%3D%27100%27%20height%3D%2794%27%20viewBox%3D%270%200%20100%2094%27%3E%3Crect%20width%3D%27100%27%20height%3D%2794%27%20fill-opacity%3D%220%22%2F%3E%3C%2Fsvg%3E\" data-orig-src=\"http:\/\/etm.com.ar\/es\/wp-content\/uploads\/smoke-control-100.png\" width=\"100\" height=\"94\" alt=\"\" \/><\/div><h2 class=\"content-box-heading fusion-responsive-typography-calculated\" style=\"--h2_typography-font-size:16px;--fontSize:16;line-height:1.31;\">Control de humos<\/h2><\/a><\/div><div class=\"fusion-clearfix\"><\/div><a class=\" fusion-read-more\" href=\"http:\/\/www.etm.com.ar\/es\/control-de-humos\/\" target=\"_self\">Leer m\u00e1s<\/a><div class=\"fusion-clearfix\"><\/div><\/div><\/div><div style=\"--awb-backgroundcolor:rgba(255,255,255,0);\" class=\"fusion-column content-box-column content-box-column content-box-column-2 col-lg-4 col-md-4 col-sm-4 fusion-content-box-hover \"><div class=\"col content-box-wrapper content-wrapper link-area-box link-type-text icon-hover-animation-pulsate fusion-animated\" data-link=\"http:\/\/www.etm.com.ar\/es\/climatizacion-industrial\/\" data-link-target=\"_self\" data-animationType=\"fadeInDown\" data-animationDuration=\"0.3\" data-animationOffset=\"top-into-view\"><div class=\"heading heading-with-icon icon-left\"><a class=\"heading-link\" href=\"http:\/\/www.etm.com.ar\/es\/climatizacion-industrial\/\" target=\"_self\"><div aria-hidden=\"true\" class=\"image\"><img decoding=\"async\" class=\"lazyload\" src=\"data:image\/svg+xml,%3Csvg%20xmlns%3D%27http%3A%2F%2Fwww.w3.org%2F2000%2Fsvg%27%20width%3D%27100%27%20height%3D%2794%27%20viewBox%3D%270%200%20100%2094%27%3E%3Crect%20width%3D%27100%27%20height%3D%2794%27%20fill-opacity%3D%220%22%2F%3E%3C%2Fsvg%3E\" data-orig-src=\"http:\/\/etm.com.ar\/es\/wp-content\/uploads\/climate-100.png\" width=\"100\" height=\"94\" alt=\"\" \/><\/div><h2 class=\"content-box-heading fusion-responsive-typography-calculated\" style=\"--h2_typography-font-size:16px;--fontSize:16;line-height:1.31;\">Climatizaci\u00f3n Industrial<\/h2><\/a><\/div><div class=\"fusion-clearfix\"><\/div><a class=\" fusion-read-more\" href=\"http:\/\/www.etm.com.ar\/es\/climatizacion-industrial\/\" target=\"_self\">Leer m\u00e1s<\/a><div class=\"fusion-clearfix\"><\/div><\/div><\/div><div style=\"--awb-backgroundcolor:rgba(255,255,255,0);\" class=\"fusion-column content-box-column content-box-column content-box-column-3 col-lg-4 col-md-4 col-sm-4 fusion-content-box-hover content-box-column-last content-box-column-last-in-row\"><div class=\"col content-box-wrapper content-wrapper link-area-box link-type-text icon-hover-animation-pulsate fusion-animated\" data-link=\"http:\/\/www.etm.com.ar\/es\/servicio-tecnico\/\" data-link-target=\"_self\" data-animationType=\"fadeInDown\" data-animationDuration=\"0.3\" data-animationOffset=\"top-into-view\"><div class=\"heading heading-with-icon icon-left\"><a class=\"heading-link\" href=\"http:\/\/www.etm.com.ar\/es\/servicio-tecnico\/\" target=\"_self\"><div aria-hidden=\"true\" class=\"image\"><img decoding=\"async\" class=\"lazyload\" src=\"data:image\/svg+xml,%3Csvg%20xmlns%3D%27http%3A%2F%2Fwww.w3.org%2F2000%2Fsvg%27%20width%3D%27100%27%20height%3D%2794%27%20viewBox%3D%270%200%20100%2094%27%3E%3Crect%20width%3D%27100%27%20height%3D%2794%27%20fill-opacity%3D%220%22%2F%3E%3C%2Fsvg%3E\" data-orig-src=\"http:\/\/etm.com.ar\/es\/wp-content\/uploads\/service-100.png\" width=\"100\" height=\"94\" alt=\"\" \/><\/div><h2 class=\"content-box-heading fusion-responsive-typography-calculated\" style=\"--h2_typography-font-size:16px;--fontSize:16;line-height:1.31;\">Servicio t\u00e9cnico y mantenimiento<\/h2><\/a><\/div><div class=\"fusion-clearfix\"><\/div><a class=\" fusion-read-more\" href=\"http:\/\/www.etm.com.ar\/es\/servicio-tecnico\/\" target=\"_self\">Leer m\u00e1s<\/a><div class=\"fusion-clearfix\"><\/div><\/div><\/div><div class=\"fusion-clearfix\"><\/div><\/div><\/div><\/div><\/div><\/div>\n","protected":false},"excerpt":{"rendered":"","protected":false},"author":5,"featured_media":0,"parent":0,"menu_order":0,"comment_status":"closed","ping_status":"closed","template":"","meta":{"_acf_changed":false,"footnotes":""},"class_list":["post-2649","page","type-page","status-publish","hentry"],"acf":[],"_links":{"self":[{"href":"https:\/\/www.etm.com.ar\/es\/wp-json\/wp\/v2\/pages\/2649","targetHints":{"allow":["GET"]}}],"collection":[{"href":"https:\/\/www.etm.com.ar\/es\/wp-json\/wp\/v2\/pages"}],"about":[{"href":"https:\/\/www.etm.com.ar\/es\/wp-json\/wp\/v2\/types\/page"}],"author":[{"embeddable":true,"href":"https:\/\/www.etm.com.ar\/es\/wp-json\/wp\/v2\/users\/5"}],"replies":[{"embeddable":true,"href":"https:\/\/www.etm.com.ar\/es\/wp-json\/wp\/v2\/comments?post=2649"}],"version-history":[{"count":2,"href":"https:\/\/www.etm.com.ar\/es\/wp-json\/wp\/v2\/pages\/2649\/revisions"}],"predecessor-version":[{"id":2780,"href":"https:\/\/www.etm.com.ar\/es\/wp-json\/wp\/v2\/pages\/2649\/revisions\/2780"}],"wp:attachment":[{"href":"https:\/\/www.etm.com.ar\/es\/wp-json\/wp\/v2\/media?parent=2649"}],"curies":[{"name":"wp","href":"https:\/\/api.w.org\/{rel}","templated":true}]}}